{"id":1442,"date":"2026-01-28T15:31:13","date_gmt":"2026-01-28T20:31:13","guid":{"rendered":"https:\/\/montrealolympique.ca\/?page_id=1442"},"modified":"2026-02-04T13:52:28","modified_gmt":"2026-02-04T18:52:28","slug":"medias","status":"publish","type":"page","link":"https:\/\/montrealolympique.ca\/en\/about\/medias\/","title":{"rendered":"Medias"},"content":{"rendered":"\n<h2 class=\"wp-block-heading\">Press Releases and News<\/h2>\n\n\n\n<p>Stay up to date on the latest announcements surrounding the celebrations of the 50th anniversary of the 1976 Olympic Games. Here you will find all press releases, official news, and highlights related to programming, partners, and key moments of Montr\u00e9al Olympique.<\/p>\n\n\n\n<p><a href=\"https:\/\/montrealolympique.ca\/wp-content\/uploads\/2026\/02\/CMQ_50eJO_Annonce_commune_COMPLET_19_11_2025.pdf\" target=\"_blank\" rel=\"noreferrer noopener\">Communiqu\u00e9 du 20 novembre 2025 (PDF)<\/a><\/p>\n\n\n\n<h3 class=\"wp-block-heading\">Renseignements m\u00e9dia<\/h3>\n\n\n\n<p><a href=\"https:\/\/montreal.ca\/\" target=\"_blank\" rel=\"noreferrer noopener\"><strong>Ville de Montr\u00e9al<\/strong><\/a><br>Contact&nbsp;media:&nbsp;Direction des affaires publiques et du protocole&nbsp;<br><a href=\"mailto:relationsmedias@montreal.ca\" target=\"_blank\" rel=\"noreferrer noopener\">relationsmedias@montreal.ca<\/a><\/p>\n\n\n\n<p><a href=\"https:\/\/parcolympique.qc.ca\/\" target=\"_blank\" rel=\"noreferrer noopener\"><strong>Parc olympique<\/strong><\/a><br>Contact&nbsp;m\u00e9dia:&nbsp;<a href=\"mailto:media@parcolympique.ca\" target=\"_blank\" rel=\"noreferrer noopener\">media@parcolympique.ca<\/a>&nbsp;<\/p>\n\n\n\n<p><a href=\"https:\/\/www.parcjeandrapeau.com\/\" target=\"_blank\" rel=\"noreferrer noopener\"><strong>Soci\u00e9t\u00e9 du parc Jean-Drapeau<\/strong><\/a><br>Contact&nbsp;m\u00e9dia:&nbsp;<a href=\"mailto:communications@parcjeandrapeau.com\" target=\"_blank\" rel=\"noreferrer noopener\">communications@parcjeandrapeau.com<\/a><\/p>\n\n\n\n<p><a href=\"https:\/\/olympique.ca\/\" target=\"_blank\" rel=\"noreferrer noopener\"><strong>Comit\u00e9 olympique canadien<\/strong><\/a><br>Contact&nbsp;m\u00e9dia: <a href=\"mailto:ma@malallier.com\" target=\"_blank\" rel=\"noreferrer noopener\">ma@malallier.com<\/a>&nbsp;<\/p>\n","protected":false},"excerpt":{"rendered":"<p>Press Releases and News Stay up to date on the latest announcements surrounding the celebrations of the 50th anniversary of the 1976 Olympic Games. Here you will find all press releases, official news, and highlights related to programming, partners, and key moments of Montr\u00e9al Olympique. Communiqu\u00e9 du 20 novembre 2025 (PDF) Renseignements m\u00e9dia Ville de [&hellip;]<\/p>\n","protected":false},"author":1,"featured_media":0,"parent":1439,"menu_order":0,"comment_status":"closed","ping_status":"closed","template":"","meta":{"_acf_changed":false,"_uag_custom_page_level_css":"","footnotes":""},"class_list":["post-1442","page","type-page","status-publish","hentry"],"acf":[],"mb":[],"yoast_head":"<!-- This site is optimized with the Yoast SEO plugin v26.7 - https:\/\/yoast.com\/wordpress\/plugins\/seo\/ -->\n<title>Medias - Montr\u00e9al olympique<\/title>\n<meta name=\"robots\" content=\"index, follow, max-snippet:-1, max-image-preview:large, max-video-preview:-1\" \/>\n<link rel=\"canonical\" href=\"https:\/\/montrealolympique.ca\/en\/about\/medias\/\" \/>\n<meta property=\"og:locale\" content=\"en_US\" \/>\n<meta property=\"og:type\" content=\"article\" \/>\n<meta property=\"og:title\" content=\"Medias - Montr\u00e9al olympique\" \/>\n<meta property=\"og:description\" content=\"Press Releases and News Stay up to date on the latest announcements surrounding the celebrations of the 50th anniversary of the 1976 Olympic Games. Here you will find all press releases, official news, and highlights related to programming, partners, and key moments of Montr\u00e9al Olympique. Communiqu\u00e9 du 20 novembre 2025 (PDF) Renseignements m\u00e9dia Ville de [&hellip;]\" \/>\n<meta property=\"og:url\" content=\"https:\/\/montrealolympique.ca\/en\/about\/medias\/\" \/>\n<meta property=\"og:site_name\" content=\"Montr\u00e9al olympique\" \/>\n<meta property=\"article:modified_time\" content=\"2026-02-04T18:52:28+00:00\" \/>\n<meta name=\"twitter:card\" content=\"summary_large_image\" \/>\n<meta name=\"twitter:label1\" content=\"Est. reading time\" \/>\n\t<meta name=\"twitter:data1\" content=\"1 minute\" \/>\n<script type=\"application\/ld+json\" class=\"yoast-schema-graph\">{\"@context\":\"https:\/\/schema.org\",\"@graph\":[{\"@type\":\"WebPage\",\"@id\":\"https:\/\/montrealolympique.ca\/en\/about\/medias\/\",\"url\":\"https:\/\/montrealolympique.ca\/en\/about\/medias\/\",\"name\":\"Medias - Montr\u00e9al olympique\",\"isPartOf\":{\"@id\":\"https:\/\/montrealolympique.ca\/#website\"},\"datePublished\":\"2026-01-28T20:31:13+00:00\",\"dateModified\":\"2026-02-04T18:52:28+00:00\",\"breadcrumb\":{\"@id\":\"https:\/\/montrealolympique.ca\/en\/about\/medias\/#breadcrumb\"},\"inLanguage\":\"en-US\",\"potentialAction\":[{\"@type\":\"ReadAction\",\"target\":[\"https:\/\/montrealolympique.ca\/en\/about\/medias\/\"]}]},{\"@type\":\"BreadcrumbList\",\"@id\":\"https:\/\/montrealolympique.ca\/en\/about\/medias\/#breadcrumb\",\"itemListElement\":[{\"@type\":\"ListItem\",\"position\":1,\"name\":\"Accueil\",\"item\":\"https:\/\/montrealolympique.ca\/en\/\"},{\"@type\":\"ListItem\",\"position\":2,\"name\":\"About\",\"item\":\"https:\/\/montrealolympique.ca\/en\/about\/\"},{\"@type\":\"ListItem\",\"position\":3,\"name\":\"Medias\"}]},{\"@type\":\"WebSite\",\"@id\":\"https:\/\/montrealolympique.ca\/#website\",\"url\":\"https:\/\/montrealolympique.ca\/\",\"name\":\"Montr\u00e9al olympique\",\"description\":\"Revivez les Jeux\",\"potentialAction\":[{\"@type\":\"SearchAction\",\"target\":{\"@type\":\"EntryPoint\",\"urlTemplate\":\"https:\/\/montrealolympique.ca\/?s={search_term_string}\"},\"query-input\":{\"@type\":\"PropertyValueSpecification\",\"valueRequired\":true,\"valueName\":\"search_term_string\"}}],\"inLanguage\":\"en-US\"}]}<\/script>\n<!-- \/ Yoast SEO plugin. -->","yoast_head_json":{"title":"Medias - Montr\u00e9al olympique","robots":{"index":"index","follow":"follow","max-snippet":"max-snippet:-1","max-image-preview":"max-image-preview:large","max-video-preview":"max-video-preview:-1"},"canonical":"https:\/\/montrealolympique.ca\/en\/about\/medias\/","og_locale":"en_US","og_type":"article","og_title":"Medias - Montr\u00e9al olympique","og_description":"Press Releases and News Stay up to date on the latest announcements surrounding the celebrations of the 50th anniversary of the 1976 Olympic Games. Here you will find all press releases, official news, and highlights related to programming, partners, and key moments of Montr\u00e9al Olympique. Communiqu\u00e9 du 20 novembre 2025 (PDF) Renseignements m\u00e9dia Ville de [&hellip;]","og_url":"https:\/\/montrealolympique.ca\/en\/about\/medias\/","og_site_name":"Montr\u00e9al olympique","article_modified_time":"2026-02-04T18:52:28+00:00","twitter_card":"summary_large_image","twitter_misc":{"Est. reading time":"1 minute"},"schema":{"@context":"https:\/\/schema.org","@graph":[{"@type":"WebPage","@id":"https:\/\/montrealolympique.ca\/en\/about\/medias\/","url":"https:\/\/montrealolympique.ca\/en\/about\/medias\/","name":"Medias - Montr\u00e9al olympique","isPartOf":{"@id":"https:\/\/montrealolympique.ca\/#website"},"datePublished":"2026-01-28T20:31:13+00:00","dateModified":"2026-02-04T18:52:28+00:00","breadcrumb":{"@id":"https:\/\/montrealolympique.ca\/en\/about\/medias\/#breadcrumb"},"inLanguage":"en-US","potentialAction":[{"@type":"ReadAction","target":["https:\/\/montrealolympique.ca\/en\/about\/medias\/"]}]},{"@type":"BreadcrumbList","@id":"https:\/\/montrealolympique.ca\/en\/about\/medias\/#breadcrumb","itemListElement":[{"@type":"ListItem","position":1,"name":"Accueil","item":"https:\/\/montrealolympique.ca\/en\/"},{"@type":"ListItem","position":2,"name":"About","item":"https:\/\/montrealolympique.ca\/en\/about\/"},{"@type":"ListItem","position":3,"name":"Medias"}]},{"@type":"WebSite","@id":"https:\/\/montrealolympique.ca\/#website","url":"https:\/\/montrealolympique.ca\/","name":"Montr\u00e9al olympique","description":"Revivez les Jeux","potentialAction":[{"@type":"SearchAction","target":{"@type":"EntryPoint","urlTemplate":"https:\/\/montrealolympique.ca\/?s={search_term_string}"},"query-input":{"@type":"PropertyValueSpecification","valueRequired":true,"valueName":"search_term_string"}}],"inLanguage":"en-US"}]}},"uagb_featured_image_src":{"full":false,"thumbnail":false,"medium":false,"medium_large":false,"large":false,"1536x1536":false,"2048x2048":false,"gform-image-choice-sm":false,"gform-image-choice-md":false,"gform-image-choice-lg":false},"uagb_author_info":{"display_name":"cathvalcourt","author_link":"https:\/\/montrealolympique.ca\/en\/author\/cathvalcourt\/"},"uagb_comment_info":0,"uagb_excerpt":"Press Releases and News Stay up to date on the latest announcements surrounding the celebrations of the 50th anniversary of the 1976 Olympic Games. Here you will find all press releases, official news, and highlights related to programming, partners, and key moments of Montr\u00e9al Olympique. Communiqu\u00e9 du 20 novembre 2025 (PDF) Renseignements m\u00e9dia Ville de&hellip;","mfb_rest_fields":["title","yoast_head","yoast_head_json","uagb_featured_image_src","uagb_author_info","uagb_comment_info","uagb_excerpt"],"_links":{"self":[{"href":"https:\/\/montrealolympique.ca\/en\/wp-json\/wp\/v2\/pages\/1442","targetHints":{"allow":["GET"]}}],"collection":[{"href":"https:\/\/montrealolympique.ca\/en\/wp-json\/wp\/v2\/pages"}],"about":[{"href":"https:\/\/montrealolympique.ca\/en\/wp-json\/wp\/v2\/types\/page"}],"author":[{"embeddable":true,"href":"https:\/\/montrealolympique.ca\/en\/wp-json\/wp\/v2\/users\/1"}],"replies":[{"embeddable":true,"href":"https:\/\/montrealolympique.ca\/en\/wp-json\/wp\/v2\/comments?post=1442"}],"version-history":[{"count":2,"href":"https:\/\/montrealolympique.ca\/en\/wp-json\/wp\/v2\/pages\/1442\/revisions"}],"predecessor-version":[{"id":1444,"href":"https:\/\/montrealolympique.ca\/en\/wp-json\/wp\/v2\/pages\/1442\/revisions\/1444"}],"up":[{"embeddable":true,"href":"https:\/\/montrealolympique.ca\/en\/wp-json\/wp\/v2\/pages\/1439"}],"wp:attachment":[{"href":"https:\/\/montrealolympique.ca\/en\/wp-json\/wp\/v2\/media?parent=1442"}],"curies":[{"name":"wp","href":"https:\/\/api.w.org\/{rel}","templated":true}]}}