{"id":1847,"date":"2026-05-04T10:03:25","date_gmt":"2026-05-04T14:03:25","guid":{"rendered":"https:\/\/montrealolympique.ca\/?page_id=1847"},"modified":"2026-05-05T10:26:29","modified_gmt":"2026-05-05T14:26:29","slug":"the-official-anthem-of-montreal-olympique-dou-je-viens-by-loud-and-ruffsound","status":"publish","type":"page","link":"https:\/\/montrealolympique.ca\/en\/tribute-initiatives\/the-official-anthem-of-montreal-olympique-dou-je-viens-by-loud-and-ruffsound\/","title":{"rendered":"The Official Anthem of <em>Montr\u00e9al Olympique<\/em><sup>TM<\/sup>: <em>D\u2019o\u00f9 je viens<\/em> by Loud and Ruffsound"},"content":{"rendered":"\n<p>50&nbsp;years&nbsp;is worth celebrating! And&nbsp;what&nbsp;better&nbsp;way&nbsp;to set the&nbsp;tone&nbsp;than&nbsp;with&nbsp;a signature&nbsp;soundtrack?&nbsp;That\u2019s&nbsp;why&nbsp;<em>Montr\u00e9al Olympique<\/em>\u2122 festivities are excited to help launch a unifying, urban&nbsp;anthem&nbsp;that\u2019s&nbsp;all set for summer:&nbsp;<strong><em>D\u2019o\u00f9&nbsp;je&nbsp;viens.<\/em><\/strong>&nbsp;&nbsp;<\/p>\n\n\n\n<p>Performed by&nbsp;<strong>Loud&nbsp;<\/strong>and produced in collaboration with&nbsp;<strong>Ruffsound<\/strong>,&nbsp;this original piece reflects a genuine love for Montr\u00e9al\u2014a proud, modern city that is profoundly creative and has continuously reinvented itself since 1976.&nbsp;&nbsp; With its catchy rhythm and vibrant energy,&nbsp;<strong><em>D\u2019o\u00f9&nbsp;je&nbsp;viens&nbsp;<\/em><\/strong>is sure to be the soundtrack to your summer. Whether&nbsp;you\u2019re&nbsp;hosting a BBQ, heading&nbsp;to&nbsp;happy&nbsp;hour,&nbsp;or enjoying a getaway,&nbsp;it\u2019ll&nbsp;be hard to resist turning up the volume and dancing along!&nbsp;We\u2019re&nbsp;calling it now: This will be the hit of summer 2026!&nbsp;<\/p>\n\n\n\n<figure class=\"wp-block-video\"><video controls src=\"https:\/\/montrealolympique.ca\/wp-content\/uploads\/2026\/05\/annonce_loud.mp4\"><\/video><\/figure>\n\n\n\n<div style=\"height:40px\" aria-hidden=\"true\" class=\"wp-block-spacer\"><\/div>\n\n\n\n<div style=\"margin:0 auto;\"><iframe data-testid=\"embed-iframe\" style=\"border-radius:12px\" src=\"https:\/\/open.spotify.com\/embed\/track\/3j7JNU1EoEVXAUKgbI0Pgu?utm_source=generator&#038;theme=0\" width=\"100%\" height=\"152\" frameBorder=\"0\" allowfullscreen=\"\" allow=\"autoplay; clipboard-write; encrypted-media; fullscreen; picture-in-picture\" loading=\"lazy\"><\/iframe><\/div>\n\n\n\n<figure class=\"wp-block-embed is-type-video is-provider-youtube wp-block-embed-youtube wp-embed-aspect-16-9 wp-has-aspect-ratio\"><div class=\"wp-block-embed__wrapper\">\n<iframe loading=\"lazy\" title=\"Loud x Ruffsound - D\u2019o\u00f9 je viens (Lyrics vid\u00e9o)\" width=\"500\" height=\"281\" src=\"https:\/\/www.youtube.com\/embed\/k8N_IDwH5kk?feature=oembed\" frameborder=\"0\" allow=\"accelerometer; autoplay; clipboard-write; encrypted-media; gyroscope; picture-in-picture; web-share\" referrerpolicy=\"strict-origin-when-cross-origin\" allowfullscreen><\/iframe>\n<\/div><\/figure>\n\n\n\n<figure class=\"wp-block-image aligncenter size-large\"><img loading=\"lazy\" decoding=\"async\" width=\"683\" height=\"1024\" src=\"https:\/\/montrealolympique.ca\/wp-content\/uploads\/2026\/05\/loud_photo_presse-683x1024.jpg\" alt=\"\" class=\"wp-image-1833\" srcset=\"https:\/\/montrealolympique.ca\/wp-content\/uploads\/2026\/05\/loud_photo_presse-683x1024.jpg 683w, https:\/\/montrealolympique.ca\/wp-content\/uploads\/2026\/05\/loud_photo_presse-200x300.jpg 200w, https:\/\/montrealolympique.ca\/wp-content\/uploads\/2026\/05\/loud_photo_presse.jpg 720w\" sizes=\"auto, (max-width: 683px) 100vw, 683px\" \/><figcaption class=\"wp-element-caption\">Credit: \u00c9l\u00e9onore-C\u00f4t\u00e9-Savard<\/figcaption><\/figure>\n\n\n\n<p><em>D\u2019o\u00f9 je&nbsp;viens<\/em> is streaming on all platforms under the Joy Ride Records&nbsp;label.&nbsp;Loud will also perform their new track throughout the summer as part of his festival tour for album&nbsp;<em>Douze&nbsp;sur&nbsp;douze<\/em>.&nbsp;&nbsp;&nbsp;<\/p>\n\n\n\n<p class=\"has-small-font-size\">Credits:<br>( Simon Cliche Trudeau \/ Marc Vincent )<br>Musique par Ruffsound<br>Ing\u00e9nieur au mix: Pierre-Olivier Couturier<br>Ing\u00e9nieur au mastering: Gabriel Meunier<\/p>\n","protected":false},"excerpt":{"rendered":"<p>50&nbsp;years&nbsp;is worth celebrating! And&nbsp;what&nbsp;better&nbsp;way&nbsp;to set the&nbsp;tone&nbsp;than&nbsp;with&nbsp;a signature&nbsp;soundtrack?&nbsp;That\u2019s&nbsp;why&nbsp;Montr\u00e9al Olympique\u2122 festivities are excited to help launch a unifying, urban&nbsp;anthem&nbsp;that\u2019s&nbsp;all set for summer:&nbsp;D\u2019o\u00f9&nbsp;je&nbsp;viens.&nbsp;&nbsp; Performed by&nbsp;Loud&nbsp;and produced in collaboration with&nbsp;Ruffsound,&nbsp;this original piece reflects a genuine love for Montr\u00e9al\u2014a proud, modern city that is profoundly creative and has continuously reinvented itself since 1976.&nbsp;&nbsp; With its catchy rhythm and vibrant energy,&nbsp;D\u2019o\u00f9&nbsp;je&nbsp;viens&nbsp;is [&hellip;]<\/p>\n","protected":false},"author":1,"featured_media":1846,"parent":1852,"menu_order":0,"comment_status":"closed","ping_status":"closed","template":"","meta":{"_acf_changed":false,"_uag_custom_page_level_css":"","footnotes":""},"class_list":["post-1847","page","type-page","status-publish","has-post-thumbnail","hentry"],"acf":[],"mb":[],"yoast_head":"<!-- This site is optimized with the Yoast SEO plugin v27.5 - https:\/\/yoast.com\/product\/yoast-seo-wordpress\/ -->\n<title>The Official Anthem of Montr\u00e9al OlympiqueTM: D\u2019o\u00f9 je viens by Loud and Ruffsound - Montr\u00e9al olympique<\/title>\n<meta name=\"robots\" content=\"index, follow, max-snippet:-1, max-image-preview:large, max-video-preview:-1\" \/>\n<link rel=\"canonical\" href=\"https:\/\/montrealolympique.ca\/en\/tribute-initiatives\/the-official-anthem-of-montreal-olympique-dou-je-viens-by-loud-and-ruffsound\/\" \/>\n<meta property=\"og:locale\" content=\"en_US\" \/>\n<meta property=\"og:type\" content=\"article\" \/>\n<meta property=\"og:title\" content=\"The Official Anthem of Montr\u00e9al OlympiqueTM: D\u2019o\u00f9 je viens by Loud and Ruffsound - Montr\u00e9al olympique\" \/>\n<meta property=\"og:description\" content=\"50&nbsp;years&nbsp;is worth celebrating! And&nbsp;what&nbsp;better&nbsp;way&nbsp;to set the&nbsp;tone&nbsp;than&nbsp;with&nbsp;a signature&nbsp;soundtrack?&nbsp;That\u2019s&nbsp;why&nbsp;Montr\u00e9al Olympique\u2122 festivities are excited to help launch a unifying, urban&nbsp;anthem&nbsp;that\u2019s&nbsp;all set for summer:&nbsp;D\u2019o\u00f9&nbsp;je&nbsp;viens.&nbsp;&nbsp; Performed by&nbsp;Loud&nbsp;and produced in collaboration with&nbsp;Ruffsound,&nbsp;this original piece reflects a genuine love for Montr\u00e9al\u2014a proud, modern city that is profoundly creative and has continuously reinvented itself since 1976.&nbsp;&nbsp; With its catchy rhythm and vibrant energy,&nbsp;D\u2019o\u00f9&nbsp;je&nbsp;viens&nbsp;is [&hellip;]\" \/>\n<meta property=\"og:url\" content=\"https:\/\/montrealolympique.ca\/en\/tribute-initiatives\/the-official-anthem-of-montreal-olympique-dou-je-viens-by-loud-and-ruffsound\/\" \/>\n<meta property=\"og:site_name\" content=\"Montr\u00e9al olympique\" \/>\n<meta property=\"article:modified_time\" content=\"2026-05-05T14:26:29+00:00\" \/>\n<meta property=\"og:image\" content=\"https:\/\/montrealolympique.ca\/wp-content\/uploads\/2026\/05\/pochette_chanson.jpg\" \/>\n\t<meta property=\"og:image:width\" content=\"1000\" \/>\n\t<meta property=\"og:image:height\" content=\"1000\" \/>\n\t<meta property=\"og:image:type\" content=\"image\/jpeg\" \/>\n<meta name=\"twitter:card\" content=\"summary_large_image\" \/>\n<meta name=\"twitter:label1\" content=\"Est. reading time\" \/>\n\t<meta name=\"twitter:data1\" content=\"2 minutes\" \/>\n<script type=\"application\/ld+json\" class=\"yoast-schema-graph\">{\"@context\":\"https:\\\/\\\/schema.org\",\"@graph\":[{\"@type\":\"WebPage\",\"@id\":\"https:\\\/\\\/montrealolympique.ca\\\/en\\\/tribute-initiatives\\\/the-official-anthem-of-montreal-olympique-dou-je-viens-by-loud-and-ruffsound\\\/\",\"url\":\"https:\\\/\\\/montrealolympique.ca\\\/en\\\/tribute-initiatives\\\/the-official-anthem-of-montreal-olympique-dou-je-viens-by-loud-and-ruffsound\\\/\",\"name\":\"The Official Anthem of Montr\u00e9al OlympiqueTM: D\u2019o\u00f9 je viens by Loud and Ruffsound - Montr\u00e9al olympique\",\"isPartOf\":{\"@id\":\"https:\\\/\\\/montrealolympique.ca\\\/#website\"},\"primaryImageOfPage\":{\"@id\":\"https:\\\/\\\/montrealolympique.ca\\\/en\\\/tribute-initiatives\\\/the-official-anthem-of-montreal-olympique-dou-je-viens-by-loud-and-ruffsound\\\/#primaryimage\"},\"image\":{\"@id\":\"https:\\\/\\\/montrealolympique.ca\\\/en\\\/tribute-initiatives\\\/the-official-anthem-of-montreal-olympique-dou-je-viens-by-loud-and-ruffsound\\\/#primaryimage\"},\"thumbnailUrl\":\"https:\\\/\\\/montrealolympique.ca\\\/wp-content\\\/uploads\\\/2026\\\/05\\\/pochette_chanson.jpg\",\"datePublished\":\"2026-05-04T14:03:25+00:00\",\"dateModified\":\"2026-05-05T14:26:29+00:00\",\"breadcrumb\":{\"@id\":\"https:\\\/\\\/montrealolympique.ca\\\/en\\\/tribute-initiatives\\\/the-official-anthem-of-montreal-olympique-dou-je-viens-by-loud-and-ruffsound\\\/#breadcrumb\"},\"inLanguage\":\"en-US\",\"potentialAction\":[{\"@type\":\"ReadAction\",\"target\":[\"https:\\\/\\\/montrealolympique.ca\\\/en\\\/tribute-initiatives\\\/the-official-anthem-of-montreal-olympique-dou-je-viens-by-loud-and-ruffsound\\\/\"]}]},{\"@type\":\"ImageObject\",\"inLanguage\":\"en-US\",\"@id\":\"https:\\\/\\\/montrealolympique.ca\\\/en\\\/tribute-initiatives\\\/the-official-anthem-of-montreal-olympique-dou-je-viens-by-loud-and-ruffsound\\\/#primaryimage\",\"url\":\"https:\\\/\\\/montrealolympique.ca\\\/wp-content\\\/uploads\\\/2026\\\/05\\\/pochette_chanson.jpg\",\"contentUrl\":\"https:\\\/\\\/montrealolympique.ca\\\/wp-content\\\/uploads\\\/2026\\\/05\\\/pochette_chanson.jpg\",\"width\":1000,\"height\":1000,\"caption\":\"Cr\u00e9dit : Raymond Bellemare et Fran\u00e7ois Dumouchel, Le parcours de la flamme olympique, 1975. Mus\u00e9e McCord Stewart, \u00a9COJO\"},{\"@type\":\"BreadcrumbList\",\"@id\":\"https:\\\/\\\/montrealolympique.ca\\\/en\\\/tribute-initiatives\\\/the-official-anthem-of-montreal-olympique-dou-je-viens-by-loud-and-ruffsound\\\/#breadcrumb\",\"itemListElement\":[{\"@type\":\"ListItem\",\"position\":1,\"name\":\"Home\",\"item\":\"https:\\\/\\\/montrealolympique.ca\\\/en\\\/\"},{\"@type\":\"ListItem\",\"position\":2,\"name\":\"Tribute initiatives\",\"item\":\"https:\\\/\\\/montrealolympique.ca\\\/en\\\/tribute-initiatives\\\/\"},{\"@type\":\"ListItem\",\"position\":3,\"name\":\"The Official Anthem of Montr\u00e9al OlympiqueTM: D\u2019o\u00f9 je viens by Loud and Ruffsound\"}]},{\"@type\":\"WebSite\",\"@id\":\"https:\\\/\\\/montrealolympique.ca\\\/#website\",\"url\":\"https:\\\/\\\/montrealolympique.ca\\\/\",\"name\":\"Montr\u00e9al olympique\",\"description\":\"Revivez les Jeux\",\"publisher\":{\"@id\":\"https:\\\/\\\/montrealolympique.ca\\\/#organization\"},\"potentialAction\":[{\"@type\":\"SearchAction\",\"target\":{\"@type\":\"EntryPoint\",\"urlTemplate\":\"https:\\\/\\\/montrealolympique.ca\\\/?s={search_term_string}\"},\"query-input\":{\"@type\":\"PropertyValueSpecification\",\"valueRequired\":true,\"valueName\":\"search_term_string\"}}],\"inLanguage\":\"en-US\"},{\"@type\":\"Organization\",\"@id\":\"https:\\\/\\\/montrealolympique.ca\\\/#organization\",\"name\":\"Montr\u00e9al olympique\",\"url\":\"https:\\\/\\\/montrealolympique.ca\\\/\",\"logo\":{\"@type\":\"ImageObject\",\"inLanguage\":\"en-US\",\"@id\":\"https:\\\/\\\/montrealolympique.ca\\\/#\\\/schema\\\/logo\\\/image\\\/\",\"url\":\"https:\\\/\\\/montrealolympique.ca\\\/wp-content\\\/uploads\\\/2025\\\/11\\\/50e-logo-1.jpg\",\"contentUrl\":\"https:\\\/\\\/montrealolympique.ca\\\/wp-content\\\/uploads\\\/2025\\\/11\\\/50e-logo-1.jpg\",\"width\":300,\"height\":78,\"caption\":\"Montr\u00e9al olympique\"},\"image\":{\"@id\":\"https:\\\/\\\/montrealolympique.ca\\\/#\\\/schema\\\/logo\\\/image\\\/\"}}]}<\/script>\n<!-- \/ Yoast SEO plugin. -->","yoast_head_json":{"title":"The Official Anthem of Montr\u00e9al OlympiqueTM: D\u2019o\u00f9 je viens by Loud and Ruffsound - Montr\u00e9al olympique","robots":{"index":"index","follow":"follow","max-snippet":"max-snippet:-1","max-image-preview":"max-image-preview:large","max-video-preview":"max-video-preview:-1"},"canonical":"https:\/\/montrealolympique.ca\/en\/tribute-initiatives\/the-official-anthem-of-montreal-olympique-dou-je-viens-by-loud-and-ruffsound\/","og_locale":"en_US","og_type":"article","og_title":"The Official Anthem of Montr\u00e9al OlympiqueTM: D\u2019o\u00f9 je viens by Loud and Ruffsound - Montr\u00e9al olympique","og_description":"50&nbsp;years&nbsp;is worth celebrating! And&nbsp;what&nbsp;better&nbsp;way&nbsp;to set the&nbsp;tone&nbsp;than&nbsp;with&nbsp;a signature&nbsp;soundtrack?&nbsp;That\u2019s&nbsp;why&nbsp;Montr\u00e9al Olympique\u2122 festivities are excited to help launch a unifying, urban&nbsp;anthem&nbsp;that\u2019s&nbsp;all set for summer:&nbsp;D\u2019o\u00f9&nbsp;je&nbsp;viens.&nbsp;&nbsp; Performed by&nbsp;Loud&nbsp;and produced in collaboration with&nbsp;Ruffsound,&nbsp;this original piece reflects a genuine love for Montr\u00e9al\u2014a proud, modern city that is profoundly creative and has continuously reinvented itself since 1976.&nbsp;&nbsp; With its catchy rhythm and vibrant energy,&nbsp;D\u2019o\u00f9&nbsp;je&nbsp;viens&nbsp;is [&hellip;]","og_url":"https:\/\/montrealolympique.ca\/en\/tribute-initiatives\/the-official-anthem-of-montreal-olympique-dou-je-viens-by-loud-and-ruffsound\/","og_site_name":"Montr\u00e9al olympique","article_modified_time":"2026-05-05T14:26:29+00:00","og_image":[{"width":1000,"height":1000,"url":"https:\/\/montrealolympique.ca\/wp-content\/uploads\/2026\/05\/pochette_chanson.jpg","type":"image\/jpeg"}],"twitter_card":"summary_large_image","twitter_misc":{"Est. reading time":"2 minutes"},"schema":{"@context":"https:\/\/schema.org","@graph":[{"@type":"WebPage","@id":"https:\/\/montrealolympique.ca\/en\/tribute-initiatives\/the-official-anthem-of-montreal-olympique-dou-je-viens-by-loud-and-ruffsound\/","url":"https:\/\/montrealolympique.ca\/en\/tribute-initiatives\/the-official-anthem-of-montreal-olympique-dou-je-viens-by-loud-and-ruffsound\/","name":"The Official Anthem of Montr\u00e9al OlympiqueTM: D\u2019o\u00f9 je viens by Loud and Ruffsound - Montr\u00e9al olympique","isPartOf":{"@id":"https:\/\/montrealolympique.ca\/#website"},"primaryImageOfPage":{"@id":"https:\/\/montrealolympique.ca\/en\/tribute-initiatives\/the-official-anthem-of-montreal-olympique-dou-je-viens-by-loud-and-ruffsound\/#primaryimage"},"image":{"@id":"https:\/\/montrealolympique.ca\/en\/tribute-initiatives\/the-official-anthem-of-montreal-olympique-dou-je-viens-by-loud-and-ruffsound\/#primaryimage"},"thumbnailUrl":"https:\/\/montrealolympique.ca\/wp-content\/uploads\/2026\/05\/pochette_chanson.jpg","datePublished":"2026-05-04T14:03:25+00:00","dateModified":"2026-05-05T14:26:29+00:00","breadcrumb":{"@id":"https:\/\/montrealolympique.ca\/en\/tribute-initiatives\/the-official-anthem-of-montreal-olympique-dou-je-viens-by-loud-and-ruffsound\/#breadcrumb"},"inLanguage":"en-US","potentialAction":[{"@type":"ReadAction","target":["https:\/\/montrealolympique.ca\/en\/tribute-initiatives\/the-official-anthem-of-montreal-olympique-dou-je-viens-by-loud-and-ruffsound\/"]}]},{"@type":"ImageObject","inLanguage":"en-US","@id":"https:\/\/montrealolympique.ca\/en\/tribute-initiatives\/the-official-anthem-of-montreal-olympique-dou-je-viens-by-loud-and-ruffsound\/#primaryimage","url":"https:\/\/montrealolympique.ca\/wp-content\/uploads\/2026\/05\/pochette_chanson.jpg","contentUrl":"https:\/\/montrealolympique.ca\/wp-content\/uploads\/2026\/05\/pochette_chanson.jpg","width":1000,"height":1000,"caption":"Cr\u00e9dit : Raymond Bellemare et Fran\u00e7ois Dumouchel, Le parcours de la flamme olympique, 1975. Mus\u00e9e McCord Stewart, \u00a9COJO"},{"@type":"BreadcrumbList","@id":"https:\/\/montrealolympique.ca\/en\/tribute-initiatives\/the-official-anthem-of-montreal-olympique-dou-je-viens-by-loud-and-ruffsound\/#breadcrumb","itemListElement":[{"@type":"ListItem","position":1,"name":"Home","item":"https:\/\/montrealolympique.ca\/en\/"},{"@type":"ListItem","position":2,"name":"Tribute initiatives","item":"https:\/\/montrealolympique.ca\/en\/tribute-initiatives\/"},{"@type":"ListItem","position":3,"name":"The Official Anthem of Montr\u00e9al OlympiqueTM: D\u2019o\u00f9 je viens by Loud and Ruffsound"}]},{"@type":"WebSite","@id":"https:\/\/montrealolympique.ca\/#website","url":"https:\/\/montrealolympique.ca\/","name":"Montr\u00e9al olympique","description":"Revivez les Jeux","publisher":{"@id":"https:\/\/montrealolympique.ca\/#organization"},"potentialAction":[{"@type":"SearchAction","target":{"@type":"EntryPoint","urlTemplate":"https:\/\/montrealolympique.ca\/?s={search_term_string}"},"query-input":{"@type":"PropertyValueSpecification","valueRequired":true,"valueName":"search_term_string"}}],"inLanguage":"en-US"},{"@type":"Organization","@id":"https:\/\/montrealolympique.ca\/#organization","name":"Montr\u00e9al olympique","url":"https:\/\/montrealolympique.ca\/","logo":{"@type":"ImageObject","inLanguage":"en-US","@id":"https:\/\/montrealolympique.ca\/#\/schema\/logo\/image\/","url":"https:\/\/montrealolympique.ca\/wp-content\/uploads\/2025\/11\/50e-logo-1.jpg","contentUrl":"https:\/\/montrealolympique.ca\/wp-content\/uploads\/2025\/11\/50e-logo-1.jpg","width":300,"height":78,"caption":"Montr\u00e9al olympique"},"image":{"@id":"https:\/\/montrealolympique.ca\/#\/schema\/logo\/image\/"}}]}},"uagb_featured_image_src":{"full":["https:\/\/montrealolympique.ca\/wp-content\/uploads\/2026\/05\/pochette_chanson.jpg",1000,1000,false],"thumbnail":["https:\/\/montrealolympique.ca\/wp-content\/uploads\/2026\/05\/pochette_chanson-150x150.jpg",150,150,true],"medium":["https:\/\/montrealolympique.ca\/wp-content\/uploads\/2026\/05\/pochette_chanson-300x300.jpg",300,300,true],"medium_large":["https:\/\/montrealolympique.ca\/wp-content\/uploads\/2026\/05\/pochette_chanson-768x768.jpg",768,768,true],"large":["https:\/\/montrealolympique.ca\/wp-content\/uploads\/2026\/05\/pochette_chanson.jpg",1000,1000,false],"1536x1536":["https:\/\/montrealolympique.ca\/wp-content\/uploads\/2026\/05\/pochette_chanson.jpg",1000,1000,false],"2048x2048":["https:\/\/montrealolympique.ca\/wp-content\/uploads\/2026\/05\/pochette_chanson.jpg",1000,1000,false],"gform-image-choice-sm":["https:\/\/montrealolympique.ca\/wp-content\/uploads\/2026\/05\/pochette_chanson.jpg",300,300,false],"gform-image-choice-md":["https:\/\/montrealolympique.ca\/wp-content\/uploads\/2026\/05\/pochette_chanson.jpg",400,400,false],"gform-image-choice-lg":["https:\/\/montrealolympique.ca\/wp-content\/uploads\/2026\/05\/pochette_chanson.jpg",600,600,false]},"uagb_author_info":{"display_name":"cathvalcourt","author_link":"https:\/\/montrealolympique.ca\/en\/author\/cathvalcourt\/"},"uagb_comment_info":0,"uagb_excerpt":"50&nbsp;years&nbsp;is worth celebrating! And&nbsp;what&nbsp;better&nbsp;way&nbsp;to set the&nbsp;tone&nbsp;than&nbsp;with&nbsp;a signature&nbsp;soundtrack?&nbsp;That\u2019s&nbsp;why&nbsp;Montr\u00e9al Olympique\u2122 festivities are excited to help launch a unifying, urban&nbsp;anthem&nbsp;that\u2019s&nbsp;all set for summer:&nbsp;D\u2019o\u00f9&nbsp;je&nbsp;viens.&nbsp;&nbsp; Performed by&nbsp;Loud&nbsp;and produced in collaboration with&nbsp;Ruffsound,&nbsp;this original piece reflects a genuine love for Montr\u00e9al\u2014a proud, modern city that is profoundly creative and has continuously reinvented itself since 1976.&nbsp;&nbsp; With its catchy rhythm and vibrant energy,&nbsp;D\u2019o\u00f9&nbsp;je&nbsp;viens&nbsp;is&hellip;","mfb_rest_fields":["title","yoast_head","yoast_head_json","uagb_featured_image_src","uagb_author_info","uagb_comment_info","uagb_excerpt"],"_links":{"self":[{"href":"https:\/\/montrealolympique.ca\/en\/wp-json\/wp\/v2\/pages\/1847","targetHints":{"allow":["GET"]}}],"collection":[{"href":"https:\/\/montrealolympique.ca\/en\/wp-json\/wp\/v2\/pages"}],"about":[{"href":"https:\/\/montrealolympique.ca\/en\/wp-json\/wp\/v2\/types\/page"}],"author":[{"embeddable":true,"href":"https:\/\/montrealolympique.ca\/en\/wp-json\/wp\/v2\/users\/1"}],"replies":[{"embeddable":true,"href":"https:\/\/montrealolympique.ca\/en\/wp-json\/wp\/v2\/comments?post=1847"}],"version-history":[{"count":6,"href":"https:\/\/montrealolympique.ca\/en\/wp-json\/wp\/v2\/pages\/1847\/revisions"}],"predecessor-version":[{"id":1901,"href":"https:\/\/montrealolympique.ca\/en\/wp-json\/wp\/v2\/pages\/1847\/revisions\/1901"}],"up":[{"embeddable":true,"href":"https:\/\/montrealolympique.ca\/en\/wp-json\/wp\/v2\/pages\/1852"}],"wp:featuredmedia":[{"embeddable":true,"href":"https:\/\/montrealolympique.ca\/en\/wp-json\/wp\/v2\/media\/1846"}],"wp:attachment":[{"href":"https:\/\/montrealolympique.ca\/en\/wp-json\/wp\/v2\/media?parent=1847"}],"curies":[{"name":"wp","href":"https:\/\/api.w.org\/{rel}","templated":true}]}}